{"id":2773,"date":"2018-02-07T09:26:54","date_gmt":"2018-02-07T09:26:54","guid":{"rendered":"https:\/\/jardineria2000.com\/nueva\/?page_id=2773"},"modified":"2021-05-21T10:38:00","modified_gmt":"2021-05-21T16:38:00","slug":"nuestra-empresa","status":"publish","type":"page","link":"https:\/\/jardineria2000.com\/nueva\/nuestra-empresa\/","title":{"rendered":"Nosotros"},"content":{"rendered":"<p>[vc_row][vc_column][gsf_space desktop=&#8221;111&#8243; tablet=&#8221;91&#8243; tablet_portrait=&#8221;81&#8243; mobile_landscape=&#8221;61&#8243; mobile=&#8221;41&#8243;][\/vc_column][vc_column offset=&#8221;vc_col-lg-4 vc_col-md-4 vc_col-xs-12&#8243;][gsf_heading title_font_size=&#8221;14&#8243; title_color=&#8221;#6ea820&#8243; title_letter_spacing=&#8221;0.2&#8243; sub_title_font_size=&#8221;16&#8243; text_align=&#8221;text-left&#8221; title_use_theme_fonts=&#8221;&#8221; title=&#8221;JARDINER\u00cdA 2000&#8243; title_typography=&#8221;Lato|regular|400|normal&#8221;]<\/p>\n<p class=\"primary-font fs-30 text-italic\" style=\"letter-spacing: 0.1em; line-height: 37px; color: #000;\">Todo nuestro equipo de jardineros, operadores y personal administrativo, pertenecemos a un esfuerzo mundial para establecer m\u00e1s y mejores \u00e1reas verdes para el disfrute y placer de los hombres y mujeres que habitamos en nuestra madre tierra.<\/p>\n<p>[\/gsf_heading][gsf_space desktop=&#8221;35&#8243; tablet=&#8221;25&#8243; tablet_portrait=&#8221;15&#8243; mobile_landscape=&#8221;15&#8243; mobile=&#8221;15&#8243;][\/vc_column][vc_column width=&#8221;1\/2&#8243; offset=&#8221;vc_col-lg-offset-1 vc_col-lg-3 vc_col-md-offset-0 vc_col-md-4 vc_col-xs-12&#8243;][gsf_info_box title=&#8221;MISI\u00d3N&#8221; title_font_size=&#8221;20&#8243; icon_font=&#8221;flaticon-nature-3&#8243; icon_hover_color=&#8221;#acd373&#8243; ib_bg_color=&#8221;&#8221; hover_bg_color=&#8221;#ffffff&#8221; hover_text_color=&#8221;#acd373&#8243; link=&#8221;url:%23|||&#8221; hide_des=&#8221;&#8221; description=&#8221;Porta augue a massa blandit feugiat. Cras sapien nisl, malesuada ac consequat ac, porttitor eu est nibh quis&#8221; ib-box-shadow=&#8221;&#8221;]Nuestra misi\u00f3n es otorgar servicios profesionales de jardiner\u00eda para contribuir al mejoramiento y conservaci\u00f3n de las \u00e1reas verdes y del arbolado de nuestra grandiosa Ciudad de M\u00e9xico.[\/gsf_info_box][gsf_space desktop=&#8221;60&#8243; tablet=&#8221;50&#8243; tablet_portrait=&#8221;40&#8243; mobile_landscape=&#8221;40&#8243; mobile=&#8221;40&#8243;][gsf_info_box title=&#8221;VISI\u00d3N&#8221; title_font_size=&#8221;20&#8243; icon_font=&#8221;flaticon-nature&#8221; icon_hover_color=&#8221;#acd373&#8243; ib_bg_color=&#8221;#ffffff&#8221; hover_bg_color=&#8221;#ffffff&#8221; hover_text_color=&#8221;#acd373&#8243; hide_des=&#8221;&#8221; description=&#8221;Aliquam nec sodales nulla. Ut vel hendrerit magna, sit amet vestibulum sapien. Maecenas congue ante&#8221;]Hacia un compromiso de contribuir, con el trabajo diario, al equilibrio ecol\u00f3gico entre el hombre y su entorno procurando servicios integrales en el dise\u00f1o y mantenimiento de jardines.[\/gsf_info_box][gsf_space desktop=&#8221;0&#8243; tablet=&#8221;0&#8243; tablet_portrait=&#8221;0&#8243; mobile_landscape=&#8221;40&#8243; mobile=&#8221;40&#8243;][\/vc_column][vc_column width=&#8221;1\/2&#8243; offset=&#8221;vc_col-lg-offset-1 vc_col-lg-3 vc_col-md-4 vc_col-xs-12&#8243;][gsf_info_box title=&#8221;OBJETIVO&#8221; title_font_size=&#8221;20&#8243; icon_font=&#8221;flaticon-greenhouse&#8221; icon_hover_color=&#8221;#acd373&#8243; ib_bg_color=&#8221;#ffffff&#8221; hover_bg_color=&#8221;#ffffff&#8221; hover_text_color=&#8221;#acd373&#8243; hide_des=&#8221;&#8221; description=&#8221;Sed consectetur dapibus venenatis. Vestibulum ante ipsum primis in faucibus orci luctus et ultrices.&#8221;]Satisfacci\u00f3n total a nuestros clientes con atenci\u00f3n inmediata a sus requerimientos en jardiner\u00eda.[\/gsf_info_box][gsf_space desktop=&#8221;60&#8243; tablet=&#8221;50&#8243; tablet_portrait=&#8221;40&#8243; mobile_landscape=&#8221;40&#8243; mobile=&#8221;40&#8243;][vc_single_image image=&#8221;4520&#8243; img_size=&#8221;full&#8221; alignment=&#8221;center&#8221;][\/vc_column][vc_column][gsf_space desktop=&#8221;338&#8243; tablet=&#8221;300&#8243; tablet_portrait=&#8221;300&#8243; mobile_landscape=&#8221;300&#8243; mobile=&#8221;290&#8243;][\/vc_column][\/vc_row][vc_row css=&#8221;.vc_custom_1517194637835{background-color: #f6f7fb !important;}&#8221;][vc_column el_class=&#8221;column-box-shadown&#8221; css=&#8221;.vc_custom_1621547174823{margin-top: -230px !important;padding-top: 10px !important;padding-right: 15px !important;padding-left: 15px !important;background-color: #ffffff !important;}&#8221; offset=&#8221;vc_col-md-offset-1 vc_col-md-10&#8243;][vc_single_image image=&#8221;4523&#8243; img_size=&#8221;full&#8221; alignment=&#8221;center&#8221;][\/vc_column][vc_column width=&#8221;5\/6&#8243; offset=&#8221;vc_col-md-offset-3 vc_col-md-6 vc_col-sm-offset-1&#8243;][gsf_space desktop=&#8221;110&#8243; tablet=&#8221;70&#8243; tablet_portrait=&#8221;60&#8243; mobile_landscape=&#8221;50&#8243; mobile=&#8221;40&#8243;][gsf_heading title_font_size=&#8221;48&#8243; sub_title_font_size=&#8221;14&#8243; sub_title_use_theme_fonts=&#8221;&#8221; el_class=&#8221;sm-text-left&#8221; sub_title=&#8221;CONOCE NUESTRO GRAN&#8221; sub_title_typography=&#8221;Lato|regular|400|normal&#8221;]<\/p>\n<p class=\"primary-font fs-30 text-italic heading-color\" style=\"line-height: 37px; letter-spacing: 0.1em;\">equipo e instalaciones<\/p>\n<p>[\/gsf_heading][gsf_space desktop=&#8221;70&#8243; tablet=&#8221;50&#8243; tablet_portrait=&#8221;40&#8243; mobile_landscape=&#8221;40&#8243; mobile=&#8221;40&#8243;][\/vc_column][vc_column][gsf_gallery layout_style=&#8221;metro-02&#8243; hover_effect=&#8221;jazz-effect&#8221; el_class=&#8221;&#8221; images=&#8221;4525,4526,4527,4528,4529,4530,4531,4532&#8243;][gsf_space desktop=&#8221;30&#8243; tablet=&#8221;20&#8243; tablet_portrait=&#8221;20&#8243; mobile_landscape=&#8221;15&#8243; mobile=&#8221;10&#8243;][\/vc_column][\/vc_row]<\/p>\n","protected":false},"excerpt":{"rendered":"<p>[vc_row][vc_column][gsf_space desktop=&#8221;111&#8243; tablet=&#8221;91&#8243; tablet_portrait=&#8221;81&#8243; mobile_landscape=&#8221;61&#8243; mobile=&#8221;41&#8243;][\/vc_column][vc_column offset=&#8221;vc_col-lg-4 vc_col-md-4 vc_col-xs-12&#8243;][gsf_heading title_font_size=&#8221;14&#8243; title_color=&#8221;#6ea820&#8243; title_letter_spacing=&#8221;0.2&#8243; sub_title_font_size=&#8221;16&#8243; text_align=&#8221;text-left&#8221; title_use_theme_fonts=&#8221;&#8221; title=&#8221;JARDINER\u00cdA 2000&#8243; title_typography=&#8221;Lato|regular|400|normal&#8221;] Todo nuestro equipo de jardineros, operadores y personal administrativo, pertenecemos a un esfuerzo mundial para establecer m\u00e1s y mejores \u00e1reas verdes para el disfrute y placer de los hombres y mujeres que habitamos en nuestra madre tierra. [&hellip;]<\/p>\n","protected":false},"author":1,"featured_media":0,"parent":0,"menu_order":0,"comment_status":"closed","ping_status":"closed","template":"","meta":[],"_links":{"self":[{"href":"https:\/\/jardineria2000.com\/nueva\/wp-json\/wp\/v2\/pages\/2773"}],"collection":[{"href":"https:\/\/jardineria2000.com\/nueva\/wp-json\/wp\/v2\/pages"}],"about":[{"href":"https:\/\/jardineria2000.com\/nueva\/wp-json\/wp\/v2\/types\/page"}],"author":[{"embeddable":true,"href":"https:\/\/jardineria2000.com\/nueva\/wp-json\/wp\/v2\/users\/1"}],"replies":[{"embeddable":true,"href":"https:\/\/jardineria2000.com\/nueva\/wp-json\/wp\/v2\/comments?post=2773"}],"version-history":[{"count":10,"href":"https:\/\/jardineria2000.com\/nueva\/wp-json\/wp\/v2\/pages\/2773\/revisions"}],"predecessor-version":[{"id":4624,"href":"https:\/\/jardineria2000.com\/nueva\/wp-json\/wp\/v2\/pages\/2773\/revisions\/4624"}],"wp:attachment":[{"href":"https:\/\/jardineria2000.com\/nueva\/wp-json\/wp\/v2\/media?parent=2773"}],"curies":[{"name":"wp","href":"https:\/\/api.w.org\/{rel}","templated":true}]}}