{"id":4455,"date":"2021-05-19T15:49:20","date_gmt":"2021-05-19T21:49:20","guid":{"rendered":"https:\/\/jardineria2000.com\/nueva\/?page_id=4455"},"modified":"2021-05-19T16:46:40","modified_gmt":"2021-05-19T22:46:40","slug":"aviso-de-privacidad","status":"publish","type":"page","link":"https:\/\/jardineria2000.com\/nueva\/aviso-de-privacidad\/","title":{"rendered":"AVISO DE PRIVACIDAD"},"content":{"rendered":"<p>[vc_row][vc_column][vc_column_text el_class=&#8221;text-justify&#8221;]Jardiner\u00eda 2000, S.A., mejor conocido como Jardiner\u00eda 2000, con domicilio en Avenida San Jer\u00f3nimo No. 1010, colonia San Jer\u00f3nimo L\u00eddice, Ciudad de M\u00e9xico, delegaci\u00f3n La Magdalena Contreras, C.P. 10200, en la Ciudad de M\u00e9xico, y portal de internet https:\/\/jardineria2000.com, es el responsable del uso y protecci\u00f3n de sus datos personales, y al respecto le informamos lo siguiente:<\/p>\n<p>Los datos personales que recabamos de usted, los utilizaremos para las siguientes finalidades que son necesarias para el servicio que solicita:<\/p>\n<p>Atender de manera integral los servicios relacionados con trabajos de jardiner\u00eda.<br \/>\nContactarlo para solicitar su opini\u00f3n, sugerencia y\/o queja respecto al servicio recibido.<br \/>\nOtorgar servicios de mantenimiento de jardines.<br \/>\nDe manera adicional, utilizaremos su informaci\u00f3n personal para las siguientes finalidades secundarias que no son necesarias para el servicio solicitado, pero que nos permiten y facilitan brindarle una mejor atenci\u00f3n:<\/p>\n<p>Mercadotecnia o publicitaria.<br \/>\nProspecci\u00f3n comercial.<br \/>\nEn caso de que no desee que sus datos personales se utilicen para estos fines secundarios, ind\u00edquelo a continuaci\u00f3n:<\/p>\n<p>No consiento que mis datos personales se utilicen para los siguientes fines:<br \/>\n[ ] Mercadotecnia o publicitaria<br \/>\n[ ] Prospecci\u00f3n comercial<\/p>\n<p>La negativa para el uso de sus datos personales para estas finalidades no podr\u00e1 ser un motivo para que le neguemos los servicios y productos que solicita o contrata con nosotros.<br \/>\nPara llevar a cabo las finalidades descritas en el presente aviso de privacidad, utilizaremos los siguientes datos personales:<\/p>\n<p>Datos de identificaci\u00f3n<br \/>\nDatos de contacto<br \/>\nUsted tiene derecho a conocer qu\u00e9 datos personales tenemos de usted, para qu\u00e9 los utilizamos y las condiciones del uso que les damos (Acceso). Asimismo, es su derecho solicitar la correcci\u00f3n de su informaci\u00f3n personal en caso de que est\u00e9 desactualizada, sea inexacta o incompleta (Rectificaci\u00f3n); que la eliminemos de nuestros registros o bases de datos cuando considere que la misma no est\u00e1 siendo utilizada adecuadamente (Cancelaci\u00f3n); as\u00ed como oponerse al uso de sus datos personales para fines espec\u00edficos (Oposici\u00f3n). Estos derechos se conocen como derechos ARCO.<br \/>\nPara el ejercicio de cualquiera de los derechos ARCO, as\u00ed como para conocer el procedimiento y requisitos para el ejercicio de dichos derechos usted deber\u00e1 presentar la solicitud respectiva a Irene Su\u00e1rez Land\u00edn por medio de una llamada telef\u00f3nica al (55) 5595-2298, (55) 5668-3225.<\/p>\n<p>Los datos de contacto de la persona o departamento de datos personales, que est\u00e1 a cargo de dar tr\u00e1mite a las solicitudes de derechos ARCO, son los siguientes:<\/p>\n<p>a) Nombre de la persona o departamento de datos personales: Irene Su\u00e1rez Land\u00edn<br \/>\nb) Correo electr\u00f3nico: administracion@hotmail.com<br \/>\nc) N\u00famero telef\u00f3nico: (55)5595-2298<\/p>\n<p>Usted puede revocar el consentimiento que, en su caso, nos haya otorgado para el tratamiento de sus datos personales. Sin embargo, es importante que tenga en cuenta que no en todos los casos podremos atender su solicitud o concluir el uso de forma inmediata, ya que es posible que por alguna obligaci\u00f3n legal requiramos seguir tratando sus datos personales. Asimismo, usted deber\u00e1 considerar que para ciertos fines, la revocaci\u00f3n de su consentimiento implicar\u00e1 que no le podamos seguir prestando el servicio que nos solicit\u00f3, o la conclusi\u00f3n de su relaci\u00f3n con nosotros.<\/p>\n<p>Para revocar su consentimiento, as\u00ed como conocer el procedimiento y requisitos para la revocaci\u00f3n del consentimiento, deber\u00e1 presentar su solicitud respectiva a Irene Su\u00e1rez Land\u00edn por medio de una llamada telef\u00f3nica al (55) 5595-2298 y\/o enviando un correo a la direcci\u00f3n de correo: administraci\u00f3n@jardineria2000.com<\/p>\n<p>Con objeto de que usted pueda limitar el uso y divulgaci\u00f3n de su informaci\u00f3n personal, le ofrecemos enviar una manifestaci\u00f3n de limitaci\u00f3n expresa al correo: administraci\u00f3n@jardineria2000.com dirigido a Irene Su\u00e1rez Land\u00edn.<\/p>\n<p>El presente aviso de privacidad puede sufrir modificaciones, cambios o actualizaciones derivadas de nuevos requerimientos legales; de nuestras propias necesidades por los productos o servicios que ofrecemos; de nuestras pr\u00e1cticas de privacidad; de cambios en nuestro modelo de negocio, o por otras causas.<\/p>\n<p>Nos comprometemos a mantenerlo informado sobre los cambios que pueda sufrir el presente aviso de privacidad, a trav\u00e9s de: A trav\u00e9s de carteles ubicados en la oficina as\u00ed como en nuestra p\u00e1gina de internet.<\/p>\n<p>\u00daltima actualizaci\u00f3n: 01\/05\/2021[\/vc_column_text][\/vc_column][\/vc_row]<\/p>\n","protected":false},"excerpt":{"rendered":"<p>[vc_row][vc_column][vc_column_text el_class=&#8221;text-justify&#8221;]Jardiner\u00eda 2000, S.A., mejor conocido como Jardiner\u00eda 2000, con domicilio en Avenida San Jer\u00f3nimo No. 1010, colonia San Jer\u00f3nimo L\u00eddice, Ciudad de M\u00e9xico, delegaci\u00f3n La Magdalena Contreras, C.P. 10200, en la Ciudad de M\u00e9xico, y portal de internet https:\/\/jardineria2000.com, es el responsable del uso y protecci\u00f3n de sus datos personales, y al respecto le [&hellip;]<\/p>\n","protected":false},"author":1,"featured_media":0,"parent":0,"menu_order":0,"comment_status":"closed","ping_status":"closed","template":"","meta":[],"_links":{"self":[{"href":"https:\/\/jardineria2000.com\/nueva\/wp-json\/wp\/v2\/pages\/4455"}],"collection":[{"href":"https:\/\/jardineria2000.com\/nueva\/wp-json\/wp\/v2\/pages"}],"about":[{"href":"https:\/\/jardineria2000.com\/nueva\/wp-json\/wp\/v2\/types\/page"}],"author":[{"embeddable":true,"href":"https:\/\/jardineria2000.com\/nueva\/wp-json\/wp\/v2\/users\/1"}],"replies":[{"embeddable":true,"href":"https:\/\/jardineria2000.com\/nueva\/wp-json\/wp\/v2\/comments?post=4455"}],"version-history":[{"count":6,"href":"https:\/\/jardineria2000.com\/nueva\/wp-json\/wp\/v2\/pages\/4455\/revisions"}],"predecessor-version":[{"id":4465,"href":"https:\/\/jardineria2000.com\/nueva\/wp-json\/wp\/v2\/pages\/4455\/revisions\/4465"}],"wp:attachment":[{"href":"https:\/\/jardineria2000.com\/nueva\/wp-json\/wp\/v2\/media?parent=4455"}],"curies":[{"name":"wp","href":"https:\/\/api.w.org\/{rel}","templated":true}]}}